{"id":16,"date":"2024-07-08T11:33:36","date_gmt":"2024-07-08T11:33:36","guid":{"rendered":"https:\/\/restaurantekukutze.rkinformatika.online\/?page_id=16"},"modified":"2024-11-25T08:12:05","modified_gmt":"2024-11-25T08:12:05","slug":"servicios","status":"publish","type":"page","link":"https:\/\/alamanafood.com\/eus\/servicios\/","title":{"rendered":"Produktuak"},"content":{"rendered":"<div data-elementor-type=\"wp-page\" data-elementor-id=\"16\" class=\"elementor elementor-16\" data-elementor-post-type=\"page\">\n\t\t\t\t<div class=\"elementor-element elementor-element-7573d70 e-con-full e-flex e-con e-parent\" data-id=\"7573d70\" data-element_type=\"container\" data-e-type=\"container\" data-settings=\"{&quot;background_background&quot;:&quot;classic&quot;}\">\n\t\t<div class=\"elementor-element elementor-element-1a3cd1d e-con-full e-flex e-con e-child\" data-id=\"1a3cd1d\" data-element_type=\"container\" data-e-type=\"container\">\n\t\t\t\t<div class=\"elementor-element elementor-element-6073241 elementor-widget elementor-widget-heading\" data-id=\"6073241\" data-element_type=\"widget\" data-e-type=\"widget\" data-widget_type=\"heading.default\">\n\t\t\t\t<div class=\"elementor-widget-container\">\n\t\t\t\t\t<h2 class=\"elementor-heading-title elementor-size-default\">Nuestros Productos<\/h2>\t\t\t\t<\/div>\n\t\t\t\t<\/div>\n\t\t\t\t<div class=\"elementor-element elementor-element-0acaa79 elementor-widget elementor-widget-heading\" data-id=\"0acaa79\" data-element_type=\"widget\" data-e-type=\"widget\" data-widget_type=\"heading.default\">\n\t\t\t\t<div class=\"elementor-widget-container\">\n\t\t\t\t\t<h2 class=\"elementor-heading-title elementor-size-default\">\"Satisfacer las demandas m\u00e1s exigentes\"<\/h2>\t\t\t\t<\/div>\n\t\t\t\t<\/div>\n\t\t\t\t<\/div>\n\t\t\t\t<\/div>\n\t\t<div class=\"elementor-element elementor-element-4c0577b e-flex e-con-boxed e-con e-parent\" data-id=\"4c0577b\" data-element_type=\"container\" data-e-type=\"container\" data-settings=\"{&quot;background_background&quot;:&quot;classic&quot;}\">\n\t\t\t\t\t<div class=\"e-con-inner\">\n\t\t\t\t<div class=\"elementor-element elementor-element-e45ea51 elementor-position-left elementor-vertical-align-middle elementor-vertical-align-top elementor-invisible elementor-widget elementor-widget-image-box\" data-id=\"e45ea51\" data-element_type=\"widget\" data-e-type=\"widget\" data-settings=\"{&quot;_animation&quot;:&quot;fadeInRight&quot;}\" data-widget_type=\"image-box.default\">\n\t\t\t\t<div class=\"elementor-widget-container\">\n\t\t\t\t\t<div class=\"elementor-image-box-wrapper\"><figure class=\"elementor-image-box-img\"><img fetchpriority=\"high\" decoding=\"async\" width=\"1200\" height=\"883\" src=\"https:\/\/alamanafood.com\/wp-content\/uploads\/2024\/11\/WhatsApp-Image-2024-11-22-at-18.49.04-e1732522309116.jpeg\" class=\"attachment-full size-full wp-image-1567\" alt=\"\" srcset=\"https:\/\/alamanafood.com\/wp-content\/uploads\/2024\/11\/WhatsApp-Image-2024-11-22-at-18.49.04-e1732522309116.jpeg 1200w, https:\/\/alamanafood.com\/wp-content\/uploads\/2024\/11\/WhatsApp-Image-2024-11-22-at-18.49.04-e1732522309116-300x221.jpeg 300w, https:\/\/alamanafood.com\/wp-content\/uploads\/2024\/11\/WhatsApp-Image-2024-11-22-at-18.49.04-e1732522309116-1024x753.jpeg 1024w, https:\/\/alamanafood.com\/wp-content\/uploads\/2024\/11\/WhatsApp-Image-2024-11-22-at-18.49.04-e1732522309116-768x565.jpeg 768w, https:\/\/alamanafood.com\/wp-content\/uploads\/2024\/11\/WhatsApp-Image-2024-11-22-at-18.49.04-e1732522309116-16x12.jpeg 16w\" sizes=\"(max-width: 1200px) 100vw, 1200px\" \/><\/figure><div class=\"elementor-image-box-content\"><h3 class=\"elementor-image-box-title\">Afrikako elikagaiak<\/h3><p class=\"elementor-image-box-description\">Harinas tradicionales como fufu y garri.<br>\nCereales y granos como sorgo, mijo y frijoles.<br>\nEspecias caracter\u00edsticas como el jengibre seco, piri-piri y curry africano.<br>\nAceites de palma y productos t\u00edpicos como la manteca de karit\u00e9 y salsas especiales.<\/p><\/div><\/div>\t\t\t\t<\/div>\n\t\t\t\t<\/div>\n\t\t\t\t<div class=\"elementor-element elementor-element-d9ffd39 elementor-position-right elementor-vertical-align-middle elementor-vertical-align-top elementor-invisible elementor-widget elementor-widget-image-box\" data-id=\"d9ffd39\" data-element_type=\"widget\" data-e-type=\"widget\" data-settings=\"{&quot;_animation&quot;:&quot;fadeInLeft&quot;}\" data-widget_type=\"image-box.default\">\n\t\t\t\t<div class=\"elementor-widget-container\">\n\t\t\t\t\t<div class=\"elementor-image-box-wrapper\"><figure class=\"elementor-image-box-img\"><img decoding=\"async\" width=\"2560\" height=\"1707\" src=\"https:\/\/alamanafood.com\/wp-content\/uploads\/2024\/11\/donations-food-with-canned-food-table-surface-scaled.jpg\" class=\"attachment-full size-full wp-image-1476\" alt=\"\" srcset=\"https:\/\/alamanafood.com\/wp-content\/uploads\/2024\/11\/donations-food-with-canned-food-table-surface-scaled.jpg 2560w, https:\/\/alamanafood.com\/wp-content\/uploads\/2024\/11\/donations-food-with-canned-food-table-surface-300x200.jpg 300w, https:\/\/alamanafood.com\/wp-content\/uploads\/2024\/11\/donations-food-with-canned-food-table-surface-1024x683.jpg 1024w, https:\/\/alamanafood.com\/wp-content\/uploads\/2024\/11\/donations-food-with-canned-food-table-surface-768x512.jpg 768w, https:\/\/alamanafood.com\/wp-content\/uploads\/2024\/11\/donations-food-with-canned-food-table-surface-1536x1024.jpg 1536w, https:\/\/alamanafood.com\/wp-content\/uploads\/2024\/11\/donations-food-with-canned-food-table-surface-2048x1365.jpg 2048w, https:\/\/alamanafood.com\/wp-content\/uploads\/2024\/11\/donations-food-with-canned-food-table-surface-18x12.jpg 18w\" sizes=\"(max-width: 2560px) 100vw, 2560px\" \/><\/figure><div class=\"elementor-image-box-content\"><h3 class=\"elementor-image-box-title\">Alimentos Latinoamericanos<\/h3><p class=\"elementor-image-box-description\">Harinas de ma\u00edz y trigo para arepas, tortillas y tamales.<br>\nFrijoles negros, lentejas y otros granos.<br>\nSalsas y condimentos como aj\u00ed amarillo, mole y adobos.<br>\nDulces tradicionales, caf\u00e9 y cacao de alta calidad.<\/p><\/div><\/div>\t\t\t\t<\/div>\n\t\t\t\t<\/div>\n\t\t\t\t<div class=\"elementor-element elementor-element-04b57df elementor-position-left elementor-vertical-align-middle elementor-vertical-align-top elementor-invisible elementor-widget elementor-widget-image-box\" data-id=\"04b57df\" data-element_type=\"widget\" data-e-type=\"widget\" data-settings=\"{&quot;_animation&quot;:&quot;fadeInRight&quot;}\" data-widget_type=\"image-box.default\">\n\t\t\t\t<div class=\"elementor-widget-container\">\n\t\t\t\t\t<div class=\"elementor-image-box-wrapper\"><figure class=\"elementor-image-box-img\"><img decoding=\"async\" width=\"2560\" height=\"1602\" src=\"https:\/\/alamanafood.com\/wp-content\/uploads\/2024\/11\/Diseno-sin-titulo-scaled.jpg\" class=\"attachment-full size-full wp-image-1563\" alt=\"\" srcset=\"https:\/\/alamanafood.com\/wp-content\/uploads\/2024\/11\/Diseno-sin-titulo-scaled.jpg 2560w, https:\/\/alamanafood.com\/wp-content\/uploads\/2024\/11\/Diseno-sin-titulo-300x188.jpg 300w, https:\/\/alamanafood.com\/wp-content\/uploads\/2024\/11\/Diseno-sin-titulo-1024x641.jpg 1024w, https:\/\/alamanafood.com\/wp-content\/uploads\/2024\/11\/Diseno-sin-titulo-768x481.jpg 768w, https:\/\/alamanafood.com\/wp-content\/uploads\/2024\/11\/Diseno-sin-titulo-1536x961.jpg 1536w, https:\/\/alamanafood.com\/wp-content\/uploads\/2024\/11\/Diseno-sin-titulo-2048x1282.jpg 2048w, https:\/\/alamanafood.com\/wp-content\/uploads\/2024\/11\/Diseno-sin-titulo-18x12.jpg 18w\" sizes=\"(max-width: 2560px) 100vw, 2560px\" \/><\/figure><div class=\"elementor-image-box-content\"><h3 class=\"elementor-image-box-title\">Espainiako elikagaiak<\/h3><p class=\"elementor-image-box-description\">Aceites de oliva virgen extra y vinagres bals\u00e1micos.<br>\nEmbutidos como jam\u00f3n ib\u00e9rico, chorizo y salchich\u00f3n.<br>\nConservas de pescado, mariscos y vegetales.<br>\nQuesos tradicionales como manchego y cabrales.<\/p><\/div><\/div>\t\t\t\t<\/div>\n\t\t\t\t<\/div>\n\t\t\t\t<div class=\"elementor-element elementor-element-db1798f elementor-position-right elementor-vertical-align-middle elementor-vertical-align-top elementor-invisible elementor-widget elementor-widget-image-box\" data-id=\"db1798f\" data-element_type=\"widget\" data-e-type=\"widget\" data-settings=\"{&quot;_animation&quot;:&quot;fadeInLeft&quot;}\" data-widget_type=\"image-box.default\">\n\t\t\t\t<div class=\"elementor-widget-container\">\n\t\t\t\t\t<div class=\"elementor-image-box-wrapper\"><figure class=\"elementor-image-box-img\"><img loading=\"lazy\" decoding=\"async\" width=\"1125\" height=\"743\" src=\"https:\/\/alamanafood.com\/wp-content\/uploads\/2024\/11\/Captura-desde-2024-11-22-13-04-28.png\" class=\"attachment-full size-full wp-image-1478\" alt=\"\" srcset=\"https:\/\/alamanafood.com\/wp-content\/uploads\/2024\/11\/Captura-desde-2024-11-22-13-04-28.png 1125w, https:\/\/alamanafood.com\/wp-content\/uploads\/2024\/11\/Captura-desde-2024-11-22-13-04-28-300x198.png 300w, https:\/\/alamanafood.com\/wp-content\/uploads\/2024\/11\/Captura-desde-2024-11-22-13-04-28-1024x676.png 1024w, https:\/\/alamanafood.com\/wp-content\/uploads\/2024\/11\/Captura-desde-2024-11-22-13-04-28-768x507.png 768w, https:\/\/alamanafood.com\/wp-content\/uploads\/2024\/11\/Captura-desde-2024-11-22-13-04-28-18x12.png 18w\" sizes=\"(max-width: 1125px) 100vw, 1125px\" \/><\/figure><div class=\"elementor-image-box-content\"><h3 class=\"elementor-image-box-title\">Ekialdeko elikagaiak<\/h3><p class=\"elementor-image-box-description\">Arroces y fideos como basmati, jazm\u00edn, udon y soba.<br>\nSalsas esenciales como soja, teriyaki, hoisin y curry.<br>\nCondimentos como algas, wasabi y especias tandoori.<br>\nProductos frescos y conservas como bamb\u00fa, tofu y jengibre encurtido.<\/p><\/div><\/div>\t\t\t\t<\/div>\n\t\t\t\t<\/div>\n\t\t\t\t\t<\/div>\n\t\t\t\t<\/div>\n\t\t\t\t<section class=\"elementor-section elementor-top-section elementor-element elementor-element-bd3939f elementor-section-full_width elementor-section-height-default elementor-section-height-default\" data-id=\"bd3939f\" data-element_type=\"section\" data-e-type=\"section\" data-settings=\"{&quot;background_background&quot;:&quot;classic&quot;}\">\n\t\t\t\t\t\t<div class=\"elementor-container elementor-column-gap-default\">\n\t\t\t\t\t<div class=\"elementor-column elementor-col-100 elementor-top-column elementor-element elementor-element-9b9a3e4\" data-id=\"9b9a3e4\" data-element_type=\"column\" data-e-type=\"column\">\n\t\t\t<div class=\"elementor-widget-wrap\">\n\t\t\t\t\t\t\t<\/div>\n\t\t<\/div>\n\t\t\t\t\t<\/div>\n\t\t<\/section>\n\t\t\t\t<section class=\"elementor-section elementor-top-section elementor-element elementor-element-6c94270 elementor-section-full_width elementor-section-height-min-height elementor-section-height-default elementor-section-items-middle\" data-id=\"6c94270\" data-element_type=\"section\" data-e-type=\"section\" data-settings=\"{&quot;background_background&quot;:&quot;classic&quot;}\">\n\t\t\t\t\t\t\t<div class=\"elementor-background-overlay\"><\/div>\n\t\t\t\t\t\t\t<div class=\"elementor-container elementor-column-gap-default\">\n\t\t\t\t\t<div class=\"elementor-column elementor-col-100 elementor-top-column elementor-element elementor-element-4d769a0\" data-id=\"4d769a0\" data-element_type=\"column\" data-e-type=\"column\">\n\t\t\t<div class=\"elementor-widget-wrap elementor-element-populated\">\n\t\t\t\t\t\t<div class=\"elementor-element elementor-element-a2ad730 animated-slow elementor-invisible elementor-widget elementor-widget-heading\" data-id=\"a2ad730\" data-element_type=\"widget\" data-e-type=\"widget\" data-settings=\"{&quot;_animation&quot;:&quot;zoomIn&quot;}\" data-widget_type=\"heading.default\">\n\t\t\t\t<div class=\"elementor-widget-container\">\n\t\t\t\t\t<h3 class=\"elementor-heading-title elementor-size-default\">\u00a1Eficiente y una amplia variedad internacional!<\/h3>\t\t\t\t<\/div>\n\t\t\t\t<\/div>\n\t\t\t\t<div class=\"elementor-element elementor-element-50d0695 elementor-align-center elementor-invisible elementor-widget elementor-widget-button\" data-id=\"50d0695\" data-element_type=\"widget\" data-e-type=\"widget\" data-settings=\"{&quot;_animation&quot;:&quot;zoomIn&quot;}\" data-widget_type=\"button.default\">\n\t\t\t\t<div class=\"elementor-widget-container\">\n\t\t\t\t\t\t\t\t\t<div class=\"elementor-button-wrapper\">\n\t\t\t\t\t<a class=\"elementor-button elementor-button-link elementor-size-sm\" href=\"https:\/\/alamanafood.com\/eus\/contacto\/\">\n\t\t\t\t\t\t<span class=\"elementor-button-content-wrapper\">\n\t\t\t\t\t\t\t\t\t<span class=\"elementor-button-text\">Cont\u00e1ctanos<\/span>\n\t\t\t\t\t<\/span>\n\t\t\t\t\t<\/a>\n\t\t\t\t<\/div>\n\t\t\t\t\t\t\t\t<\/div>\n\t\t\t\t<\/div>\n\t\t\t\t\t<\/div>\n\t\t<\/div>\n\t\t\t\t\t<\/div>\n\t\t<\/section>\n\t\t\t\t<\/div>","protected":false},"excerpt":{"rendered":"<p>Nuestros Productos \u00abSatisfacer las demandas m\u00e1s exigentes\u00bb Alimentos Africanos Harinas tradicionales como fufu y garri. Cereales y granos como sorgo, mijo y frijoles. Especias caracter\u00edsticas como el jengibre seco, piri-piri y curry africano. Aceites de palma y productos t\u00edpicos como la manteca de karit\u00e9 y salsas especiales. Alimentos Latinoamericanos Harinas de ma\u00edz y trigo para [&hellip;]<\/p>\n","protected":false},"author":2,"featured_media":0,"parent":0,"menu_order":0,"comment_status":"closed","ping_status":"closed","template":"elementor_canvas","meta":{"footnotes":""},"class_list":["post-16","page","type-page","status-publish","hentry"],"yoast_head":"<!-- This site is optimized with the Yoast SEO plugin v27.5 - https:\/\/yoast.com\/product\/yoast-seo-wordpress\/ -->\n<title>Productos - Alamana Food<\/title>\n<meta name=\"robots\" content=\"index, follow, max-snippet:-1, max-image-preview:large, max-video-preview:-1\" \/>\n<link rel=\"canonical\" href=\"https:\/\/alamanafood.com\/eus\/servicios\/\" \/>\n<meta property=\"og:locale\" content=\"en_US\" \/>\n<meta property=\"og:type\" content=\"article\" \/>\n<meta property=\"og:title\" content=\"Productos - Alamana Food\" \/>\n<meta property=\"og:description\" content=\"Nuestros Productos \u00abSatisfacer las demandas m\u00e1s exigentes\u00bb Alimentos Africanos Harinas tradicionales como fufu y garri. Cereales y granos como sorgo, mijo y frijoles. Especias caracter\u00edsticas como el jengibre seco, piri-piri y curry africano. Aceites de palma y productos t\u00edpicos como la manteca de karit\u00e9 y salsas especiales. Alimentos Latinoamericanos Harinas de ma\u00edz y trigo para [&hellip;]\" \/>\n<meta property=\"og:url\" content=\"https:\/\/alamanafood.com\/eus\/servicios\/\" \/>\n<meta property=\"og:site_name\" content=\"Alamana Food\" \/>\n<meta property=\"article:modified_time\" content=\"2024-11-25T08:12:05+00:00\" \/>\n<meta property=\"og:image\" content=\"https:\/\/alamanafood.com\/wp-content\/uploads\/2024\/11\/WhatsApp-Image-2024-11-22-at-18.49.04-e1732522309116.jpeg\" \/>\n\t<meta property=\"og:image:width\" content=\"1200\" \/>\n\t<meta property=\"og:image:height\" content=\"883\" \/>\n\t<meta property=\"og:image:type\" content=\"image\/jpeg\" \/>\n<meta name=\"twitter:card\" content=\"summary_large_image\" \/>\n<meta name=\"twitter:label1\" content=\"Est. reading time\" \/>\n\t<meta name=\"twitter:data1\" content=\"2 minutua\" \/>\n<script type=\"application\/ld+json\" class=\"yoast-schema-graph\">{\"@context\":\"https:\\\/\\\/schema.org\",\"@graph\":[{\"@type\":\"WebPage\",\"@id\":\"https:\\\/\\\/alamanafood.com\\\/servicios\\\/\",\"url\":\"https:\\\/\\\/alamanafood.com\\\/servicios\\\/\",\"name\":\"Productos - Alamana Food\",\"isPartOf\":{\"@id\":\"https:\\\/\\\/alamanafood.com\\\/#website\"},\"primaryImageOfPage\":{\"@id\":\"https:\\\/\\\/alamanafood.com\\\/servicios\\\/#primaryimage\"},\"image\":{\"@id\":\"https:\\\/\\\/alamanafood.com\\\/servicios\\\/#primaryimage\"},\"thumbnailUrl\":\"https:\\\/\\\/alamanafood.com\\\/wp-content\\\/uploads\\\/2024\\\/11\\\/WhatsApp-Image-2024-11-22-at-18.49.04-e1732522309116.jpeg\",\"datePublished\":\"2024-07-08T11:33:36+00:00\",\"dateModified\":\"2024-11-25T08:12:05+00:00\",\"breadcrumb\":{\"@id\":\"https:\\\/\\\/alamanafood.com\\\/servicios\\\/#breadcrumb\"},\"inLanguage\":\"eu\",\"potentialAction\":[{\"@type\":\"ReadAction\",\"target\":[\"https:\\\/\\\/alamanafood.com\\\/servicios\\\/\"]}]},{\"@type\":\"ImageObject\",\"inLanguage\":\"eu\",\"@id\":\"https:\\\/\\\/alamanafood.com\\\/servicios\\\/#primaryimage\",\"url\":\"https:\\\/\\\/alamanafood.com\\\/wp-content\\\/uploads\\\/2024\\\/11\\\/WhatsApp-Image-2024-11-22-at-18.49.04-e1732522309116.jpeg\",\"contentUrl\":\"https:\\\/\\\/alamanafood.com\\\/wp-content\\\/uploads\\\/2024\\\/11\\\/WhatsApp-Image-2024-11-22-at-18.49.04-e1732522309116.jpeg\"},{\"@type\":\"BreadcrumbList\",\"@id\":\"https:\\\/\\\/alamanafood.com\\\/servicios\\\/#breadcrumb\",\"itemListElement\":[{\"@type\":\"ListItem\",\"position\":1,\"name\":\"Portada\",\"item\":\"https:\\\/\\\/alamanafood.com\\\/\"},{\"@type\":\"ListItem\",\"position\":2,\"name\":\"Productos\"}]},{\"@type\":\"WebSite\",\"@id\":\"https:\\\/\\\/alamanafood.com\\\/#website\",\"url\":\"https:\\\/\\\/alamanafood.com\\\/\",\"name\":\"Alamana Food\",\"description\":\"Distribuci\u00f3n de alimentos y bebidas\",\"publisher\":{\"@id\":\"https:\\\/\\\/alamanafood.com\\\/#organization\"},\"potentialAction\":[{\"@type\":\"SearchAction\",\"target\":{\"@type\":\"EntryPoint\",\"urlTemplate\":\"https:\\\/\\\/alamanafood.com\\\/?s={search_term_string}\"},\"query-input\":{\"@type\":\"PropertyValueSpecification\",\"valueRequired\":true,\"valueName\":\"search_term_string\"}}],\"inLanguage\":\"eu\"},{\"@type\":\"Organization\",\"@id\":\"https:\\\/\\\/alamanafood.com\\\/#organization\",\"name\":\"Alamana Food\",\"url\":\"https:\\\/\\\/alamanafood.com\\\/\",\"logo\":{\"@type\":\"ImageObject\",\"inLanguage\":\"eu\",\"@id\":\"https:\\\/\\\/alamanafood.com\\\/#\\\/schema\\\/logo\\\/image\\\/\",\"url\":\"https:\\\/\\\/alamanafood.com\\\/wp-content\\\/uploads\\\/2024\\\/11\\\/cropped-Arantza-Garcia-3-1.png\",\"contentUrl\":\"https:\\\/\\\/alamanafood.com\\\/wp-content\\\/uploads\\\/2024\\\/11\\\/cropped-Arantza-Garcia-3-1.png\",\"width\":500,\"height\":80,\"caption\":\"Alamana Food\"},\"image\":{\"@id\":\"https:\\\/\\\/alamanafood.com\\\/#\\\/schema\\\/logo\\\/image\\\/\"}}]}<\/script>\n<!-- \/ Yoast SEO plugin. -->","yoast_head_json":{"title":"Productos - Alamana Food","robots":{"index":"index","follow":"follow","max-snippet":"max-snippet:-1","max-image-preview":"max-image-preview:large","max-video-preview":"max-video-preview:-1"},"canonical":"https:\/\/alamanafood.com\/eus\/servicios\/","og_locale":"en_US","og_type":"article","og_title":"Productos - Alamana Food","og_description":"Nuestros Productos \u00abSatisfacer las demandas m\u00e1s exigentes\u00bb Alimentos Africanos Harinas tradicionales como fufu y garri. Cereales y granos como sorgo, mijo y frijoles. Especias caracter\u00edsticas como el jengibre seco, piri-piri y curry africano. Aceites de palma y productos t\u00edpicos como la manteca de karit\u00e9 y salsas especiales. Alimentos Latinoamericanos Harinas de ma\u00edz y trigo para [&hellip;]","og_url":"https:\/\/alamanafood.com\/eus\/servicios\/","og_site_name":"Alamana Food","article_modified_time":"2024-11-25T08:12:05+00:00","og_image":[{"width":1200,"height":883,"url":"https:\/\/alamanafood.com\/wp-content\/uploads\/2024\/11\/WhatsApp-Image-2024-11-22-at-18.49.04-e1732522309116.jpeg","type":"image\/jpeg"}],"twitter_card":"summary_large_image","twitter_misc":{"Est. reading time":"2 minutua"},"schema":{"@context":"https:\/\/schema.org","@graph":[{"@type":"WebPage","@id":"https:\/\/alamanafood.com\/servicios\/","url":"https:\/\/alamanafood.com\/servicios\/","name":"Productos - Alamana Food","isPartOf":{"@id":"https:\/\/alamanafood.com\/#website"},"primaryImageOfPage":{"@id":"https:\/\/alamanafood.com\/servicios\/#primaryimage"},"image":{"@id":"https:\/\/alamanafood.com\/servicios\/#primaryimage"},"thumbnailUrl":"https:\/\/alamanafood.com\/wp-content\/uploads\/2024\/11\/WhatsApp-Image-2024-11-22-at-18.49.04-e1732522309116.jpeg","datePublished":"2024-07-08T11:33:36+00:00","dateModified":"2024-11-25T08:12:05+00:00","breadcrumb":{"@id":"https:\/\/alamanafood.com\/servicios\/#breadcrumb"},"inLanguage":"eu","potentialAction":[{"@type":"ReadAction","target":["https:\/\/alamanafood.com\/servicios\/"]}]},{"@type":"ImageObject","inLanguage":"eu","@id":"https:\/\/alamanafood.com\/servicios\/#primaryimage","url":"https:\/\/alamanafood.com\/wp-content\/uploads\/2024\/11\/WhatsApp-Image-2024-11-22-at-18.49.04-e1732522309116.jpeg","contentUrl":"https:\/\/alamanafood.com\/wp-content\/uploads\/2024\/11\/WhatsApp-Image-2024-11-22-at-18.49.04-e1732522309116.jpeg"},{"@type":"BreadcrumbList","@id":"https:\/\/alamanafood.com\/servicios\/#breadcrumb","itemListElement":[{"@type":"ListItem","position":1,"name":"Portada","item":"https:\/\/alamanafood.com\/"},{"@type":"ListItem","position":2,"name":"Productos"}]},{"@type":"WebSite","@id":"https:\/\/alamanafood.com\/#website","url":"https:\/\/alamanafood.com\/","name":"Alamana Food","description":"Elikagaien eta edarien banaketa","publisher":{"@id":"https:\/\/alamanafood.com\/#organization"},"potentialAction":[{"@type":"SearchAction","target":{"@type":"EntryPoint","urlTemplate":"https:\/\/alamanafood.com\/?s={search_term_string}"},"query-input":{"@type":"PropertyValueSpecification","valueRequired":true,"valueName":"search_term_string"}}],"inLanguage":"eu"},{"@type":"Organization","@id":"https:\/\/alamanafood.com\/#organization","name":"Alamana Food","url":"https:\/\/alamanafood.com\/","logo":{"@type":"ImageObject","inLanguage":"eu","@id":"https:\/\/alamanafood.com\/#\/schema\/logo\/image\/","url":"https:\/\/alamanafood.com\/wp-content\/uploads\/2024\/11\/cropped-Arantza-Garcia-3-1.png","contentUrl":"https:\/\/alamanafood.com\/wp-content\/uploads\/2024\/11\/cropped-Arantza-Garcia-3-1.png","width":500,"height":80,"caption":"Alamana Food"},"image":{"@id":"https:\/\/alamanafood.com\/#\/schema\/logo\/image\/"}}]}},"_links":{"self":[{"href":"https:\/\/alamanafood.com\/eus\/wp-json\/wp\/v2\/pages\/16","targetHints":{"allow":["GET"]}}],"collection":[{"href":"https:\/\/alamanafood.com\/eus\/wp-json\/wp\/v2\/pages"}],"about":[{"href":"https:\/\/alamanafood.com\/eus\/wp-json\/wp\/v2\/types\/page"}],"author":[{"embeddable":true,"href":"https:\/\/alamanafood.com\/eus\/wp-json\/wp\/v2\/users\/2"}],"replies":[{"embeddable":true,"href":"https:\/\/alamanafood.com\/eus\/wp-json\/wp\/v2\/comments?post=16"}],"version-history":[{"count":359,"href":"https:\/\/alamanafood.com\/eus\/wp-json\/wp\/v2\/pages\/16\/revisions"}],"predecessor-version":[{"id":1570,"href":"https:\/\/alamanafood.com\/eus\/wp-json\/wp\/v2\/pages\/16\/revisions\/1570"}],"wp:attachment":[{"href":"https:\/\/alamanafood.com\/eus\/wp-json\/wp\/v2\/media?parent=16"}],"curies":[{"name":"wp","href":"https:\/\/api.w.org\/{rel}","templated":true}]}}